{"id":694,"date":"2021-08-25T12:10:34","date_gmt":"2021-08-25T09:10:34","guid":{"rendered":"https:\/\/qimmiq.fi\/testausalusta\/?post_type=product&#038;p=694"},"modified":"2022-12-08T12:34:56","modified_gmt":"2022-12-08T10:34:56","slug":"qimmiq-kelatalutin","status":"publish","type":"product","link":"https:\/\/qimmiq.fi\/fr\/tuote\/qimmiq-kelatalutin\/","title":{"rendered":"Qimmiq-kelatalutin"},"content":{"rendered":"<p>Qimmiq valaistu kelatalutin n\u00e4kyy pime\u00e4ss\u00e4 ja h\u00e4m\u00e4r\u00e4ss\u00e4. Napin painalluksella koko taluttimen ny\u00f6ri saadaan valaistua, mik\u00e4 lis\u00e4\u00e4 n\u00e4kyvyytt\u00e4 ja turvallisuutta. Kelataluttimen ny\u00f6ri on 5 metri\u00e4 pitk\u00e4, antaen koiralle vapautta samalla kun valaistu ny\u00f6ri huolehtii siit\u00e4, ett\u00e4 muut ulkonaliikkujat n\u00e4kev\u00e4t ny\u00f6rin my\u00f6s pime\u00e4ll\u00e4.<\/p>","protected":false},"excerpt":{"rendered":"<p>Qimmiq valaistu kelatalutin n\u00e4kyy pime\u00e4ss\u00e4 ja h\u00e4m\u00e4r\u00e4ss\u00e4. Napin painalluksella koko taluttimen ny\u00f6ri saadaan valaistua, mik\u00e4 lis\u00e4\u00e4 n\u00e4kyvyytt\u00e4 ja turvallisuutta. Kelataluttimen ny\u00f6ri on 5 metri\u00e4 pitk\u00e4, antaen koiralle vapautta samalla kun valaistu ny\u00f6ri huolehtii siit\u00e4, ett\u00e4 muut ulkonaliikkujat n\u00e4kev\u00e4t ny\u00f6rin my\u00f6s pime\u00e4ll\u00e4.<\/p>","protected":false},"featured_media":363,"template":"","meta":[],"product_brand":[],"product_cat":[38],"product_tag":[39,42,41,40],"class_list":{"0":"post-694","1":"product","2":"type-product","3":"status-publish","4":"has-post-thumbnail","6":"product_cat-yleinen","7":"product_tag-kelatalutin","8":"product_tag-kissojen-ulkoilutus","9":"product_tag-koirien-ulkoilutus","10":"product_tag-talutin","12":"first","13":"outofstock","14":"taxable","15":"shipping-taxable","16":"purchasable","17":"product-type-simple"},"_links":{"self":[{"href":"https:\/\/qimmiq.fi\/fr\/wp-json\/wp\/v2\/product\/694","targetHints":{"allow":["GET"]}}],"collection":[{"href":"https:\/\/qimmiq.fi\/fr\/wp-json\/wp\/v2\/product"}],"about":[{"href":"https:\/\/qimmiq.fi\/fr\/wp-json\/wp\/v2\/types\/product"}],"wp:featuredmedia":[{"embeddable":true,"href":"https:\/\/qimmiq.fi\/fr\/wp-json\/wp\/v2\/media\/363"}],"wp:attachment":[{"href":"https:\/\/qimmiq.fi\/fr\/wp-json\/wp\/v2\/media?parent=694"}],"wp:term":[{"taxonomy":"product_brand","embeddable":true,"href":"https:\/\/qimmiq.fi\/fr\/wp-json\/wp\/v2\/product_brand?post=694"},{"taxonomy":"product_cat","embeddable":true,"href":"https:\/\/qimmiq.fi\/fr\/wp-json\/wp\/v2\/product_cat?post=694"},{"taxonomy":"product_tag","embeddable":true,"href":"https:\/\/qimmiq.fi\/fr\/wp-json\/wp\/v2\/product_tag?post=694"}],"curies":[{"name":"wp","href":"https:\/\/api.w.org\/{rel}","templated":true}]}}